{"id":90,"date":"2015-10-28T22:39:24","date_gmt":"2015-10-28T21:39:24","guid":{"rendered":"https:\/\/adocaoblog.wordpress.com\/?page_id=14"},"modified":"2017-10-27T19:01:09","modified_gmt":"2017-10-27T18:01:09","slug":"relooking","status":"publish","type":"page","link":"https:\/\/adocao.fr\/?page_id=90","title":{"rendered":"Relooking"},"content":{"rendered":"<table style=\"height: 1922px;\" width=\"811\">\n<tbody>\n<tr>\n<td width=\"217\">&nbsp;<\/p>\n<p><a href=\"http:\/\/adocao.fr\/wp-content\/uploads\/2015\/10\/2.jpg\"><img loading=\"lazy\" class=\"aligncenter wp-image-7\" style=\"margin-bottom: 5px;\" src=\"http:\/\/adocao.fr\/wp-content\/uploads\/2015\/10\/2.jpg?w=288\" alt=\"Beauty portrait of young girl with afro.\" width=\"180\" height=\"120\" \/><\/a><\/p>\n<p>&nbsp;<\/p>\n<p><img loading=\"lazy\" class=\"aligncenter wp-image-8\" style=\"margin-bottom: 5px;\" src=\"http:\/\/adocao.fr\/wp-content\/uploads\/2015\/10\/3.jpg?w=128\" alt=\"Portrait of an attractive young man with a beard in the studio\" width=\"180\" height=\"270\" srcset=\"https:\/\/adocao.fr\/wp-content\/uploads\/2015\/10\/3.jpg 566w, https:\/\/adocao.fr\/wp-content\/uploads\/2015\/10\/3-200x300.jpg 200w, https:\/\/adocao.fr\/wp-content\/uploads\/2015\/10\/3-128x192.jpg 128w\" sizes=\"(max-width: 180px) 100vw, 180px\" \/><br \/>\n<img loading=\"lazy\" class=\"aligncenter wp-image-6\" src=\"http:\/\/adocao.fr\/wp-content\/uploads\/2015\/10\/1.jpg?w=128\" alt=\"beautiful woman in autumn street\" width=\"180\" height=\"270\" srcset=\"https:\/\/adocao.fr\/wp-content\/uploads\/2015\/10\/1.jpg 566w, https:\/\/adocao.fr\/wp-content\/uploads\/2015\/10\/1-200x300.jpg 200w, https:\/\/adocao.fr\/wp-content\/uploads\/2015\/10\/1-128x192.jpg 128w\" sizes=\"(max-width: 180px) 100vw, 180px\" \/><\/p>\n<p>&nbsp;<\/p>\n<p><a href=\"http:\/\/adocao.fr\/wp-content\/uploads\/2015\/10\/2.jpg\"><img loading=\"lazy\" class=\"aligncenter wp-image-7\" style=\"margin-bottom: 5px;\" src=\"http:\/\/adocao.fr\/wp-content\/uploads\/2015\/10\/2.jpg?w=288\" alt=\"Beauty portrait of young girl with afro.\" width=\"180\" height=\"120\" \/><\/a><\/p>\n<p>&nbsp;<\/p>\n<p><a href=\"http:\/\/adocao.fr\/wp-content\/uploads\/2015\/10\/3.jpg\"><img loading=\"lazy\" class=\"aligncenter wp-image-8\" style=\"margin-bottom: 5px;\" src=\"http:\/\/adocao.fr\/wp-content\/uploads\/2015\/10\/3.jpg?w=128\" alt=\"Portrait of an attractive young man with a beard in the studio\" width=\"180\" height=\"270\" srcset=\"https:\/\/adocao.fr\/wp-content\/uploads\/2015\/10\/3.jpg 566w, https:\/\/adocao.fr\/wp-content\/uploads\/2015\/10\/3-200x300.jpg 200w, https:\/\/adocao.fr\/wp-content\/uploads\/2015\/10\/3-128x192.jpg 128w\" sizes=\"(max-width: 180px) 100vw, 180px\" \/><\/a><\/p>\n<p>&nbsp;<\/p>\n<p><a href=\"http:\/\/adocao.fr\/wp-content\/uploads\/2015\/10\/1.jpg\"><img loading=\"lazy\" class=\"aligncenter wp-image-6\" src=\"http:\/\/adocao.fr\/wp-content\/uploads\/2015\/10\/1.jpg?w=128\" alt=\"beautiful woman in autumn street\" width=\"180\" height=\"270\" srcset=\"https:\/\/adocao.fr\/wp-content\/uploads\/2015\/10\/1.jpg 566w, https:\/\/adocao.fr\/wp-content\/uploads\/2015\/10\/1-200x300.jpg 200w, https:\/\/adocao.fr\/wp-content\/uploads\/2015\/10\/1-128x192.jpg 128w\" sizes=\"(max-width: 180px) 100vw, 180px\" \/><\/a><\/p>\n<p>&nbsp;<\/p>\n<p><a href=\"http:\/\/adocao.fr\/wp-content\/uploads\/2015\/10\/2.jpg\"><img loading=\"lazy\" class=\"aligncenter wp-image-7\" style=\"margin-bottom: 5px;\" src=\"http:\/\/adocao.fr\/wp-content\/uploads\/2015\/10\/2.jpg?w=288\" alt=\"Beauty portrait of young girl with afro.\" width=\"180\" height=\"120\" \/><\/a><\/p>\n<p>&nbsp;<\/p>\n<p><a href=\"http:\/\/adocao.fr\/wp-content\/uploads\/2015\/10\/2.jpg\"><br \/>\n<\/a><a href=\"http:\/\/adocao.fr\/wp-content\/uploads\/2015\/10\/3.jpg\"><img loading=\"lazy\" class=\"aligncenter wp-image-8\" style=\"margin-bottom: 5px;\" src=\"http:\/\/adocao.fr\/wp-content\/uploads\/2015\/10\/3.jpg?w=128\" alt=\"Portrait of an attractive young man with a beard in the studio\" width=\"180\" height=\"270\" srcset=\"https:\/\/adocao.fr\/wp-content\/uploads\/2015\/10\/3.jpg 566w, https:\/\/adocao.fr\/wp-content\/uploads\/2015\/10\/3-200x300.jpg 200w, https:\/\/adocao.fr\/wp-content\/uploads\/2015\/10\/3-128x192.jpg 128w\" sizes=\"(max-width: 180px) 100vw, 180px\" \/><\/a><\/td>\n<td>&nbsp;<\/p>\n<p>Un conseil personnalis\u00e9, s&rsquo;adapter \u00e0 une personnalit\u00e9, partir d&rsquo;une exp\u00e9rience, faire d\u00e9couvrir une mode, une tendance&#8230; ne jamais rien imposer, toujours faire d\u00e9couvrir et faire en sorte que l&rsquo;on comprenne et construise ensemble&#8230;<\/p>\n<h6><strong>FACEBOOK: Adocao branding<\/strong><\/h6>\n<p style=\"text-align: center;\"><span style=\"text-decoration: underline;\"><strong>PRESTATIONS.<\/strong><\/span><\/p>\n<p><strong><span style=\"color: #333399;\">ENTRETIEN et BILAN de votre image:<br \/>\n<\/span>GRATUIT et sans engagement,\u00a0<\/strong><strong>30-45 min.<\/strong><\/p>\n<p><strong><span style=\"color: #333399;\">FORFAIT ACCOMPAGNEMENT SHOPPING:<\/span><span style=\"color: #333399;\"><br \/>\n<\/span><\/strong><strong>\u00e0 partir de 60\u20ac \/ heure.<\/strong><span style=\"color: #333333;\"><em><br \/>\n<\/em><\/span><\/p>\n<p><strong><span style=\"color: #333399;\">FORFAIT MODE ET STYLE \u00a0POUR LUI OU POUR ELLE:<br \/>\n<\/span><\/strong><span style=\"color: #333333;\"><strong>\u00e0 partir de 250\u20ac , Demie journ\u00e9e.<\/strong><em><br \/>\n( Colorim\u00e9trie + Morphologie + Style + Accompagnement Shopping).<\/em><\/span><\/p>\n<p><strong><span style=\"color: #333399;\">FORFAIT PRESTIGE COMPLET POUR LUI :<br \/>\n<\/span>\u00e0 partir de 500\u20ac, Journ\u00e9e compl\u00e8te ou 2 demies journ\u00e9es.<\/strong><br \/>\n<em>( Colorim\u00e9trie + Morphologie + Style + Accompagnement Shopping + Tri garde robe<br \/>\n+ Diagnostic Coiffure + Diagnostic Cosm\u00e9tique).<\/em><\/p>\n<p><strong><span style=\"color: #333399;\">FORFAIT PRESTIGE COMPLET POUR ELLE:<br \/>\n<\/span><span style=\"color: #333333;\">\u00e0 partir de 580\u20ac , Journ\u00e9e compl\u00e8te ou 2 demies journ\u00e9es.<\/span><\/strong><em><strong><span style=\"color: #333333;\"><br \/>\n<\/span><\/strong>( Colorim\u00e9trie + Morphologie + Style + Accompagnement Shopping +\u00a0Tri garde robe \u00a0+ Diagnostic Coiffure + Diagnostic Maquillage beaut\u00e9 ).<\/em><\/p>\n<p><strong><span style=\"color: #333399;\">ATELIER RELOOKING (min 3 pers \/ max 10 pers):<br \/>\n<\/span><em>\u00e0 partir de 70\u20ac par personne et par atelier.<\/em><\/strong><em><br \/>\n<\/em><em>(Colorim\u00e9trie \/ Morphologie \/ Style \/ Coiffure \/ Maquillage).<br \/>\nTarifs d\u00e9gressifs. \u00a0Dur\u00e9e entre 2h\/3h par atelier.\u00a0<\/em><\/p>\n<p><span style=\"color: #333399;\"><strong>FORFAIT RELOOKING + S\u00c9ANCE PHOTO:<\/strong><\/span><br \/>\n<strong>\u00e0 partir de 350\u20ac<\/strong> .<br \/>\n<em>( Projet artistique \u00e0 d\u00e9finir ).<\/em><\/p>\n<p style=\"text-align: center;\"><span style=\"text-decoration: underline;\"><strong>POUR ELLE OU POUR LUI<\/strong><\/span><\/p>\n<p><span style=\"color: #333399;\"><strong>COLORIM\u00c9TRIE<\/strong> :<br \/>\n<\/span>Analyse des gammes de couleurs qui conviendront le mieux \u00e0 votre tonalit\u00e9 de peau, la couleur de vos yeux et la couleur de vos cheveux.<\/p>\n<p><span style=\"color: #333399;\"><strong>MORPHOLOGIE-SILHOUETTE<\/strong>\u00a0:<\/span><br \/>\nD\u00e9couvrez les coupes et mati\u00e8res de v\u00eatements qui vous conviennent le mieux suivant votre morphologie.<\/p>\n<p><span style=\"color: #333399;\"><strong>ANALYSE ET D\u00c9TECTION DE STYLE :<\/strong><\/span><br \/>\nD\u00e9terminer le style vestimentaire qui refl\u00e8te votre personnalit\u00e9. Analyse de la mode et des tendances actuelles adapt\u00e9es \u00e0 vos besoins, \u00e0 votre identit\u00e9.<\/p>\n<p><span style=\"color: #333399;\"><strong>\u00c9VALUATION ET GESTION DE VOTRE GARDE ROBE<\/strong> :<\/span><br \/>\nConseils pratiques pour g\u00e9rer et trier votre garde robe, donner un second souffle \u00e0 des v\u00eatements anciens, trouver de nouvelles combinaisons de v\u00eatements.<\/p>\n<p><span style=\"color: #333399;\"><strong>ACCOMPAGNEMENT SHOPPING<\/strong><\/span> (<em>personnal shopper<\/em>) :<br \/>\nShopping personnalis\u00e9 dans diff\u00e9rentes boutiques partenaires correspondant \u00e0 votre personnalit\u00e9 \/ style. Conseils sur mesure en toute s\u00e9curit\u00e9.<\/p>\n<p style=\"text-align: left;\"><span style=\"color: #333399;\"><strong>MORPHOLOGIE VISAGE-COIFFURE<\/strong>\u00a0:<\/span><br \/>\nD\u00e9couvrez les coiffures \u00a0et couleurs \/ reflets qui mettront en valeur votre visage et accompagnement chez 1 coiffeur visagiste partenaire (Prestation chez le coiffeur non comprise dans le forfait \u00ab\u00a0Prestige Complet pour ELLE \/ LUI\u00a0\u00bb).<\/p>\n<p><span style=\"text-decoration: underline;\"><strong>LE PLUS&#8230;<\/strong><\/span><\/p>\n<p><span style=\"color: #333399;\"><strong>MORPHOLOGIE-OPTIQUE:<\/strong><\/span><br \/>\nAccompagnement et conseils personnalis\u00e9s de votre conseiller en image chez un partenaire opticien pour lunettes de vue ou solaires, pour finaliser votre nouveau style.<\/p>\n<p>&nbsp;<\/p>\n<p style=\"text-align: center;\"><span style=\"text-decoration: underline;\"><strong>POUR ELLE<\/strong><\/span><\/p>\n<p style=\"text-align: left;\"><strong><span style=\"color: #333399;\">AUTO-MAQUILLAGE &#8211;\u00a0CONSULTATION\u00a0BEAUT\u00c9\u00a0:<\/span><\/strong><br \/>\nDiagnostic de peau, choix des couleurs et marques, compte rendu, choix de\u00a0produits de beaut\u00e9 adapt\u00e9s. (Le\u00e7on de maquillage individuelle non comprise dans le forfait \u00ab\u00a0Prestige complet pour ELLE\u00a0\u00bb).<\/p>\n<p style=\"text-align: center;\"><span style=\"text-decoration: underline;\"><span style=\"color: #333333;\"><strong>POUR LUI<\/strong><\/span><\/span><\/p>\n<p style=\"text-align: left;\"><span style=\"color: #333399;\"><strong>COSM\u00c9TIQUE VISAGE\u00a0<\/strong>:<\/span><br \/>\nConseils cosm\u00e9tiques et esth\u00e9tiques pour une peau parfaite et un visage mis en valeur (Prestation chez le barbier non comprise dans le forfait \u00ab\u00a0Prestige Complet pour LUI\u00a0\u00bb).<\/p>\n<p>\u00a0TOUS NOS <strong>EXEMPLES DE RELOOKING<\/strong> HOMME &amp; FEMME DANS <span style=\"color: #333399;\"><span style=\"color: #000000;\">L&rsquo;ONGLET<\/span> <strong><span style=\"text-decoration: underline;\">ACTUALIT\u00c9S !!<\/span><\/strong><\/span><\/td>\n<\/tr>\n<\/tbody>\n<\/table>\n<p>&nbsp;<\/p>\n<blockquote><p><span style=\"color: #333399;\">Soyez vous m\u00eame, les autres sont d\u00e9j\u00e0 pris.<\/span><\/p><\/blockquote>\n<p><em>Oscar Wilde<\/em><\/p>\n<p>&nbsp;<\/p>\n<p>&nbsp;<\/p>\n<p>&nbsp;<\/p>\n","protected":false},"excerpt":{"rendered":"<p>&nbsp; &nbsp; &nbsp; &nbsp; &nbsp; &nbsp; &nbsp; &nbsp; Un conseil personnalis\u00e9, s&rsquo;adapter \u00e0 une personnalit\u00e9, partir d&rsquo;une exp\u00e9rience, faire d\u00e9couvrir une mode, une tendance&#8230; ne jamais rien imposer, toujours faire d\u00e9couvrir et faire en sorte que l&rsquo;on comprenne et construise ensemble&#8230; FACEBOOK: Adocao branding PRESTATIONS. ENTRETIEN et BILAN de votre image: GRATUIT et sans engagement,\u00a030-45 &hellip; <a href=\"https:\/\/adocao.fr\/?page_id=90\" class=\"more-link\">Continuer la lecture de <span class=\"screen-reader-text\">Relooking<\/span><\/a><\/p>\n","protected":false},"author":1,"featured_media":0,"parent":0,"menu_order":0,"comment_status":"closed","ping_status":"closed","template":"page-templates\/full-width-page.php","meta":[],"_links":{"self":[{"href":"https:\/\/adocao.fr\/index.php?rest_route=\/wp\/v2\/pages\/90"}],"collection":[{"href":"https:\/\/adocao.fr\/index.php?rest_route=\/wp\/v2\/pages"}],"about":[{"href":"https:\/\/adocao.fr\/index.php?rest_route=\/wp\/v2\/types\/page"}],"author":[{"embeddable":true,"href":"https:\/\/adocao.fr\/index.php?rest_route=\/wp\/v2\/users\/1"}],"replies":[{"embeddable":true,"href":"https:\/\/adocao.fr\/index.php?rest_route=%2Fwp%2Fv2%2Fcomments&post=90"}],"version-history":[{"count":41,"href":"https:\/\/adocao.fr\/index.php?rest_route=\/wp\/v2\/pages\/90\/revisions"}],"predecessor-version":[{"id":502,"href":"https:\/\/adocao.fr\/index.php?rest_route=\/wp\/v2\/pages\/90\/revisions\/502"}],"wp:attachment":[{"href":"https:\/\/adocao.fr\/index.php?rest_route=%2Fwp%2Fv2%2Fmedia&parent=90"}],"curies":[{"name":"wp","href":"https:\/\/api.w.org\/{rel}","templated":true}]}}