{"id":88,"date":"2015-10-28T22:24:29","date_gmt":"2015-10-28T21:24:29","guid":{"rendered":"https:\/\/adocaoblog.wordpress.com\/?page_id=5"},"modified":"2016-12-19T12:37:27","modified_gmt":"2016-12-19T11:37:27","slug":"accueil-2","status":"publish","type":"page","link":"https:\/\/adocao.fr\/","title":{"rendered":"Accueil"},"content":{"rendered":"<p style=\"text-align: justify;\"><span style=\"color: #333399;\"><strong>ADOCAO<\/strong>,<\/span> un accompagnement personnalis\u00e9 pour travailler sur \u00a0l&rsquo;image de marque et sur l&rsquo;image de soi, \u00e0 travers du <strong><span style=\"text-decoration: underline;\"><span style=\"color: #333399; text-decoration: underline;\">Coaching, de la Formation et du Conseil en Image &amp; branding\/ Relooking<\/span><\/span><\/strong>.<\/p>\n<p style=\"text-align: justify;\"><span style=\"color: #333399;\"><strong>ADOCAO<\/strong><\/span> s&rsquo;adresse aux chefs d&rsquo;entreprises, aux cadres dirigeants du marketing et de la communication, aux artisans et \u00a0commer\u00e7ants, qui souhaitent <strong><span style=\"text-decoration: underline; color: #333399;\">faire \u00e9voluer leur image de marque<\/span><\/strong> pour rester concurrentiels sur le march\u00e9 et d\u00e9velopper leur chiffre d&rsquo;affaires, tout comme le vivier de comp\u00e9tences de leurs collaborateurs.<\/p>\n<p style=\"text-align: justify;\"><span style=\"color: #333399;\"><strong>ADOCAO<\/strong><\/span> s&rsquo;adresse \u00e9galement \u00e0 toute personne soucieuse de travailler et r\u00e9fl\u00e9chir sur le <strong><span style=\"text-decoration: underline;\"><span style=\"color: #333399; text-decoration: underline;\">Personnal Branding et l&rsquo;Image de Soi, \u00e0 travers un coaching personnalis\u00e9.<\/span><\/span><\/strong><\/p>\n<p>PARLONS DE VOUS!!<\/p>\n<blockquote><p><em><span style=\"color: #333399; font-family: Tahoma, sans-serif;\">PARIS \u00a0 \u00a0 \u00a0 \u00a0 \u00a0 \u00a0 &#8211; \u00a0 \u00a0 \u00a0 \u00a0 \u00a0 \u00a0 NICE \u00a0 \u00a0 \u00a0 \u00a0 \u00a0 \u00a0 &#8211; \u00a0 \u00a0 \u00a0 \u00a0 \u00a0 \u00a0MONTPELLIER \u00a0 \u00a0 \u00a0 \u00a0 \u00a0 &#8211; \u00a0 \u00a0 \u00a0 \u00a0 LYON<br \/>\n<a href=\"http:\/\/adocao.fr\/wp-content\/uploads\/2015\/11\/acceuil.jpg\"><img loading=\"lazy\" class=\"aligncenter size-full wp-image-109\" src=\"http:\/\/adocao.fr\/wp-content\/uploads\/2015\/11\/acceuil.jpg\" alt=\"Man in office touching screen\" width=\"1193\" height=\"402\" srcset=\"https:\/\/adocao.fr\/wp-content\/uploads\/2015\/11\/acceuil.jpg 1193w, https:\/\/adocao.fr\/wp-content\/uploads\/2015\/11\/acceuil-300x101.jpg 300w, https:\/\/adocao.fr\/wp-content\/uploads\/2015\/11\/acceuil-1024x345.jpg 1024w, https:\/\/adocao.fr\/wp-content\/uploads\/2015\/11\/acceuil-648x218.jpg 648w, https:\/\/adocao.fr\/wp-content\/uploads\/2015\/11\/acceuil-570x192.jpg 570w\" sizes=\"(max-width: 1193px) 100vw, 1193px\" \/><\/a>Chaque fois que vous voyez une entreprise qui r\u00e9ussit, dites vous que c&rsquo;est parce qu&rsquo;un jour, quelqu&rsquo;un a pris une d\u00e9cision courageuse. \u00a0\u00a0<\/span><\/em><em style=\"font-size: 16px; line-height: 1.5;\"><span style=\"color: #000000; font-family: Tahoma, sans-serif;\">Peter DRUCKER<\/span><\/em><\/p><\/blockquote>\n<p>&nbsp;<\/p>\n<p><strong>PARTENAIRES:<\/strong><\/p>\n<p>Cr\u00e9dits photos<img loading=\"lazy\" class=\"wp-image-262 alignleft\" src=\"http:\/\/adocao.fr\/wp-content\/uploads\/2015\/10\/LOGO-Guillaume-Deperrois.jpg\" alt=\"LOGO Guillaume Deperrois\" width=\"154\" height=\"36\" srcset=\"https:\/\/adocao.fr\/wp-content\/uploads\/2015\/10\/LOGO-Guillaume-Deperrois.jpg 1687w, https:\/\/adocao.fr\/wp-content\/uploads\/2015\/10\/LOGO-Guillaume-Deperrois-300x70.jpg 300w, https:\/\/adocao.fr\/wp-content\/uploads\/2015\/10\/LOGO-Guillaume-Deperrois-768x180.jpg 768w, https:\/\/adocao.fr\/wp-content\/uploads\/2015\/10\/LOGO-Guillaume-Deperrois-1024x240.jpg 1024w, https:\/\/adocao.fr\/wp-content\/uploads\/2015\/10\/LOGO-Guillaume-Deperrois-648x152.jpg 648w, https:\/\/adocao.fr\/wp-content\/uploads\/2015\/10\/LOGO-Guillaume-Deperrois-583x137.jpg 583w\" sizes=\"(max-width: 154px) 100vw, 154px\" \/><br \/>\n<a href=\"http:\/\/l.facebook.com\/l.php?u=http%3A%2F%2Fwww.guillaumedeperrois.com%2F&amp;h=qAQEpd-RM\" target=\"_blank\" rel=\"nofollow\">www.guillaumedeperrois.com<\/a><\/p>\n<p><img loading=\"lazy\" class=\"wp-image-269 alignleft\" src=\"http:\/\/adocao.fr\/wp-content\/uploads\/2015\/10\/logo-leo-designlab-04.png\" alt=\"logo leo designlab-04\" width=\"151\" height=\"42\" srcset=\"https:\/\/adocao.fr\/wp-content\/uploads\/2015\/10\/logo-leo-designlab-04.png 449w, https:\/\/adocao.fr\/wp-content\/uploads\/2015\/10\/logo-leo-designlab-04-300x83.png 300w\" sizes=\"(max-width: 151px) 100vw, 151px\" \/>R\u00e9alisation du site internet, charte graphique, logo.<br \/>\n<a href=\"http:\/\/www.leodesignlab.fr\">http:\/\/www.leodesignlab.fr<\/a><\/p>\n<p><img loading=\"lazy\" class=\"wp-image-386 alignleft\" src=\"http:\/\/adocao.fr\/wp-content\/uploads\/2015\/10\/14281508_1283176998382103_1634007387_n.jpg\" alt=\"14281508_1283176998382103_1634007387_n\" width=\"150\" height=\"56\" srcset=\"https:\/\/adocao.fr\/wp-content\/uploads\/2015\/10\/14281508_1283176998382103_1634007387_n.jpg 346w, https:\/\/adocao.fr\/wp-content\/uploads\/2015\/10\/14281508_1283176998382103_1634007387_n-300x112.jpg 300w\" sizes=\"(max-width: 150px) 100vw, 150px\" \/>Cr\u00e9ation de blouson en cuir de luxe sur mesure.<br \/>\nwww.gameoffabrics.com<\/p>\n<p><img loading=\"lazy\" class=\"wp-image-417 alignleft\" src=\"http:\/\/adocao.fr\/wp-content\/uploads\/2015\/10\/15595608_10211570409155429_712093093_o.jpg\" alt=\"15595608_10211570409155429_712093093_o\" width=\"153\" height=\"50\" srcset=\"https:\/\/adocao.fr\/wp-content\/uploads\/2015\/10\/15595608_10211570409155429_712093093_o.jpg 1227w, https:\/\/adocao.fr\/wp-content\/uploads\/2015\/10\/15595608_10211570409155429_712093093_o-300x98.jpg 300w, https:\/\/adocao.fr\/wp-content\/uploads\/2015\/10\/15595608_10211570409155429_712093093_o-768x252.jpg 768w, https:\/\/adocao.fr\/wp-content\/uploads\/2015\/10\/15595608_10211570409155429_712093093_o-1024x335.jpg 1024w, https:\/\/adocao.fr\/wp-content\/uploads\/2015\/10\/15595608_10211570409155429_712093093_o-648x212.jpg 648w, https:\/\/adocao.fr\/wp-content\/uploads\/2015\/10\/15595608_10211570409155429_712093093_o-583x192.jpg 583w\" sizes=\"(max-width: 153px) 100vw, 153px\" \/>Event &amp; Wedding Planner<br \/>\nhttp:\/\/www.tandem-event.com<\/p>\n<p>&nbsp;<\/p>\n","protected":false},"excerpt":{"rendered":"<p>ADOCAO, un accompagnement personnalis\u00e9 pour travailler sur \u00a0l&rsquo;image de marque et sur l&rsquo;image de soi, \u00e0 travers du Coaching, de la Formation et du Conseil en Image &amp; branding\/ Relooking. ADOCAO s&rsquo;adresse aux chefs d&rsquo;entreprises, aux cadres dirigeants du marketing et de la communication, aux artisans et \u00a0commer\u00e7ants, qui souhaitent faire \u00e9voluer leur image de &hellip; <a href=\"https:\/\/adocao.fr\/\" class=\"more-link\">Continuer la lecture de <span class=\"screen-reader-text\">Accueil<\/span><\/a><\/p>\n","protected":false},"author":1,"featured_media":0,"parent":0,"menu_order":0,"comment_status":"closed","ping_status":"closed","template":"page-templates\/full-width-page.php","meta":[],"_links":{"self":[{"href":"https:\/\/adocao.fr\/index.php?rest_route=\/wp\/v2\/pages\/88"}],"collection":[{"href":"https:\/\/adocao.fr\/index.php?rest_route=\/wp\/v2\/pages"}],"about":[{"href":"https:\/\/adocao.fr\/index.php?rest_route=\/wp\/v2\/types\/page"}],"author":[{"embeddable":true,"href":"https:\/\/adocao.fr\/index.php?rest_route=\/wp\/v2\/users\/1"}],"replies":[{"embeddable":true,"href":"https:\/\/adocao.fr\/index.php?rest_route=%2Fwp%2Fv2%2Fcomments&post=88"}],"version-history":[{"count":27,"href":"https:\/\/adocao.fr\/index.php?rest_route=\/wp\/v2\/pages\/88\/revisions"}],"predecessor-version":[{"id":421,"href":"https:\/\/adocao.fr\/index.php?rest_route=\/wp\/v2\/pages\/88\/revisions\/421"}],"wp:attachment":[{"href":"https:\/\/adocao.fr\/index.php?rest_route=%2Fwp%2Fv2%2Fmedia&parent=88"}],"curies":[{"name":"wp","href":"https:\/\/api.w.org\/{rel}","templated":true}]}}