{"id":477,"date":"2017-10-27T18:27:31","date_gmt":"2017-10-27T17:27:31","guid":{"rendered":"http:\/\/adocao.fr\/?page_id=477"},"modified":"2017-10-27T18:28:57","modified_gmt":"2017-10-27T17:28:57","slug":"prestations-du-relooking","status":"publish","type":"page","link":"https:\/\/adocao.fr\/?page_id=477","title":{"rendered":"PRESTATIONS DU RELOOKING"},"content":{"rendered":"<p><img loading=\"lazy\" class=\"aligncenter size-full wp-image-320\" src=\"http:\/\/adocao.fr\/wp-content\/uploads\/2016\/06\/IMG_916888.jpg\" alt=\"IMG_916888\" width=\"3888\" height=\"2592\" srcset=\"https:\/\/adocao.fr\/wp-content\/uploads\/2016\/06\/IMG_916888.jpg 3888w, https:\/\/adocao.fr\/wp-content\/uploads\/2016\/06\/IMG_916888-300x200.jpg 300w, https:\/\/adocao.fr\/wp-content\/uploads\/2016\/06\/IMG_916888-768x512.jpg 768w, https:\/\/adocao.fr\/wp-content\/uploads\/2016\/06\/IMG_916888-1024x683.jpg 1024w, https:\/\/adocao.fr\/wp-content\/uploads\/2016\/06\/IMG_916888-648x432.jpg 648w, https:\/\/adocao.fr\/wp-content\/uploads\/2016\/06\/IMG_916888-288x192.jpg 288w\" sizes=\"(max-width: 3888px) 100vw, 3888px\" \/><\/p>\n<p><span style=\"color: #333399;\"><strong>COLORIM\u00c9TRIE<\/strong>\u00a0:<br \/>\n<\/span>Analyse des gammes de couleurs qui conviendront le mieux \u00e0 votre tonalit\u00e9 de peau, la couleur de vos yeux et la couleur de vos cheveux.<\/p>\n<p><span style=\"color: #333399;\"><strong>MORPHOLOGIE-SILHOUETTE<\/strong>\u00a0:<\/span><br \/>\nD\u00e9couvrez les coupes et mati\u00e8res de v\u00eatements qui vous conviennent le mieux suivant votre morphologie.<\/p>\n<p><span style=\"color: #333399;\"><strong>ANALYSE ET D\u00c9TECTION DE STYLE :<\/strong><\/span><br \/>\nD\u00e9terminer le style vestimentaire qui refl\u00e8te votre personnalit\u00e9. Analyse de la mode et des tendances actuelles adapt\u00e9es \u00e0 vos besoins, \u00e0 votre identit\u00e9.<\/p>\n<p><span style=\"color: #333399;\"><strong>\u00c9VALUATION ET GESTION DE VOTRE GARDE ROBE<\/strong>\u00a0:<\/span><br \/>\nConseils pratiques pour g\u00e9rer et trier votre garde robe, donner un second souffle \u00e0 des v\u00eatements anciens, trouver de nouvelles combinaisons de v\u00eatements.<\/p>\n<p><span style=\"color: #333399;\"><strong>ACCOMPAGNEMENT SHOPPING<\/strong><\/span>\u00a0(<em>personnal shopper<\/em>) :<br \/>\nShopping personnalis\u00e9 dans diff\u00e9rentes boutiques partenaires correspondant \u00e0 votre personnalit\u00e9 \/ style. Conseils sur mesure en toute s\u00e9curit\u00e9.<\/p>\n<p style=\"text-align: left;\"><span style=\"color: #333399;\"><strong>MORPHOLOGIE VISAGE-COIFFURE<\/strong>\u00a0:<\/span><br \/>\nD\u00e9couvrez les coiffures \u00a0et couleurs \/ reflets qui mettront en valeur votre visage et accompagnement chez 1 coiffeur visagiste partenaire (Prestation chez le coiffeur non comprise dans le forfait \u00ab\u00a0Prestige Complet pour ELLE \/ LUI\u00a0\u00bb).<\/p>\n<p><span style=\"text-decoration: underline;\"><strong>LE PLUS&#8230;<\/strong><\/span><\/p>\n<p><span style=\"color: #333399;\"><strong>MORPHOLOGIE-OPTIQUE:<\/strong><\/span><br \/>\nAccompagnement et conseils personnalis\u00e9s de votre conseiller en image chez un partenaire opticien pour lunettes de vue ou solaires, pour finaliser votre nouveau style.<\/p>\n<p><img loading=\"lazy\" class=\"aligncenter size-full wp-image-159\" src=\"http:\/\/adocao.fr\/wp-content\/uploads\/2015\/12\/COLO.png\" alt=\"COLORIMMETRIE\" width=\"3163\" height=\"3817\" srcset=\"https:\/\/adocao.fr\/wp-content\/uploads\/2015\/12\/COLO.png 3163w, https:\/\/adocao.fr\/wp-content\/uploads\/2015\/12\/COLO-249x300.png 249w, https:\/\/adocao.fr\/wp-content\/uploads\/2015\/12\/COLO-768x927.png 768w, https:\/\/adocao.fr\/wp-content\/uploads\/2015\/12\/COLO-849x1024.png 849w, https:\/\/adocao.fr\/wp-content\/uploads\/2015\/12\/COLO-648x782.png 648w, https:\/\/adocao.fr\/wp-content\/uploads\/2015\/12\/COLO-159x192.png 159w\" sizes=\"(max-width: 3163px) 100vw, 3163px\" \/><\/p>\n","protected":false},"excerpt":{"rendered":"<p>COLORIM\u00c9TRIE\u00a0: Analyse des gammes de couleurs qui conviendront le mieux \u00e0 votre tonalit\u00e9 de peau, la couleur de vos yeux et la couleur de vos cheveux. MORPHOLOGIE-SILHOUETTE\u00a0: D\u00e9couvrez les coupes et mati\u00e8res de v\u00eatements qui vous conviennent le mieux suivant votre morphologie. ANALYSE ET D\u00c9TECTION DE STYLE : D\u00e9terminer le style vestimentaire qui refl\u00e8te votre &hellip; <a href=\"https:\/\/adocao.fr\/?page_id=477\" class=\"more-link\">Continuer la lecture de <span class=\"screen-reader-text\">PRESTATIONS DU RELOOKING<\/span><\/a><\/p>\n","protected":false},"author":1,"featured_media":0,"parent":0,"menu_order":0,"comment_status":"closed","ping_status":"closed","template":"","meta":[],"_links":{"self":[{"href":"https:\/\/adocao.fr\/index.php?rest_route=\/wp\/v2\/pages\/477"}],"collection":[{"href":"https:\/\/adocao.fr\/index.php?rest_route=\/wp\/v2\/pages"}],"about":[{"href":"https:\/\/adocao.fr\/index.php?rest_route=\/wp\/v2\/types\/page"}],"author":[{"embeddable":true,"href":"https:\/\/adocao.fr\/index.php?rest_route=\/wp\/v2\/users\/1"}],"replies":[{"embeddable":true,"href":"https:\/\/adocao.fr\/index.php?rest_route=%2Fwp%2Fv2%2Fcomments&post=477"}],"version-history":[{"count":3,"href":"https:\/\/adocao.fr\/index.php?rest_route=\/wp\/v2\/pages\/477\/revisions"}],"predecessor-version":[{"id":481,"href":"https:\/\/adocao.fr\/index.php?rest_route=\/wp\/v2\/pages\/477\/revisions\/481"}],"wp:attachment":[{"href":"https:\/\/adocao.fr\/index.php?rest_route=%2Fwp%2Fv2%2Fmedia&parent=477"}],"curies":[{"name":"wp","href":"https:\/\/api.w.org\/{rel}","templated":true}]}}