{"id":453,"date":"2017-10-27T17:02:59","date_gmt":"2017-10-27T16:02:59","guid":{"rendered":"http:\/\/adocao.fr\/?page_id=453"},"modified":"2017-10-27T18:56:30","modified_gmt":"2017-10-27T17:56:30","slug":"femmes","status":"publish","type":"page","link":"https:\/\/adocao.fr\/?page_id=453","title":{"rendered":"LA FEMME"},"content":{"rendered":"<p style=\"text-align: left;\"><strong><span style=\"color: #333399;\">Un conseil personnalis\u00e9,\u00a0<\/span><\/strong>s&rsquo;adapter \u00e0 une personnalit\u00e9, partir d&rsquo;une exp\u00e9rience, faire d\u00e9couvrir une mode, une tendance&#8230;<\/p>\n<p style=\"text-align: left;\"><strong>Ne jamais rien imposer,<\/strong> toujours faire d\u00e9couvrir et faire en sorte que l&rsquo;on comprenne et<strong><span style=\"color: #333399;\">\u00a0construise ensemble&#8230;<\/span><\/strong><\/p>\n<p style=\"text-align: left;\"><img loading=\"lazy\" class=\"aligncenter size-full wp-image-166\" src=\"http:\/\/adocao.fr\/wp-content\/uploads\/2015\/12\/kicker_4_h.jpg\" alt=\"ALAIN FIGARET\" width=\"1189\" height=\"449\" srcset=\"https:\/\/adocao.fr\/wp-content\/uploads\/2015\/12\/kicker_4_h.jpg 1189w, https:\/\/adocao.fr\/wp-content\/uploads\/2015\/12\/kicker_4_h-300x113.jpg 300w, https:\/\/adocao.fr\/wp-content\/uploads\/2015\/12\/kicker_4_h-768x290.jpg 768w, https:\/\/adocao.fr\/wp-content\/uploads\/2015\/12\/kicker_4_h-1024x387.jpg 1024w, https:\/\/adocao.fr\/wp-content\/uploads\/2015\/12\/kicker_4_h-648x245.jpg 648w, https:\/\/adocao.fr\/wp-content\/uploads\/2015\/12\/kicker_4_h-508x192.jpg 508w\" sizes=\"(max-width: 1189px) 100vw, 1189px\" \/><\/p>\n<p style=\"text-align: center;\">\n<p style=\"text-align: center;\"><span style=\"color: #333333;\"><em><img loading=\"lazy\" class=\" wp-image-6 alignright\" src=\"http:\/\/adocao.fr\/wp-content\/uploads\/2015\/10\/1.jpg\" alt=\"beautiful woman in autumn street\" width=\"193\" height=\"290\" srcset=\"https:\/\/adocao.fr\/wp-content\/uploads\/2015\/10\/1.jpg 566w, https:\/\/adocao.fr\/wp-content\/uploads\/2015\/10\/1-200x300.jpg 200w, https:\/\/adocao.fr\/wp-content\/uploads\/2015\/10\/1-128x192.jpg 128w\" sizes=\"(max-width: 193px) 100vw, 193px\" \/><\/em><\/span><\/p>\n<p style=\"text-align: left;\"><strong><span style=\"color: #333399;\">ENTRETIEN et BILAN de votre image:\u00a0<\/span><br \/>\n<\/strong><strong>GRATUIT et sans engagement,\u00a0<\/strong><strong>30-45 min.<\/strong><\/p>\n<p style=\"text-align: left;\"><strong><span style=\"color: #333399;\">FORFAIT ACCOMPAGNEMENT SHOPPING:<\/span><br \/>\n<\/strong><strong>\u00e0 partir de 60\u20ac \/ heure.<\/strong><\/p>\n<p style=\"text-align: left;\"><strong><span style=\"color: #333399;\">FORFAIT \u00ab\u00a0MODE ET STYLE\u00a0\u00bb:<br \/>\n<\/span><\/strong><span style=\"color: #333333;\"><strong>\u00e0 partir de 250\u20ac , Demie journ\u00e9e.<\/strong><\/span><span style=\"color: #333333;\"><em><br \/>\n( Colorim\u00e9trie + Morphologie + Style + Accompagnement Shopping).<\/em><\/span><\/p>\n<p style=\"text-align: left;\"><strong><span style=\"color: #333399;\">FORFAIT \u00ab\u00a0PRESTIGE\u00a0\u00bb:<br \/>\n<\/span><span style=\"color: #333333;\">\u00e0 partir de 580\u20ac , Journ\u00e9e compl\u00e8te ou 2 demies journ\u00e9es.<\/span><\/strong><em><strong><span style=\"color: #333333;\"><br \/>\n<\/span><\/strong>( Colorim\u00e9trie + Morphologie + Style + Accompagnement Shopping +\u00a0Tri garde robe \u00a0+ Diagnostic Coiffure + Diagnostic Maquillage beaut\u00e9 ).<\/em><\/p>\n<p style=\"text-align: left;\"><strong><span style=\"color: #333399;\">AUTO-MAQUILLAGE &#8211;\u00a0CONSULTATION\u00a0BEAUT\u00c9\u00a0:<\/span><\/strong><br \/>\nDiagnostic de peau, choix des couleurs et marques, compte rendu, choix de\u00a0produits de beaut\u00e9 adapt\u00e9s. (Le\u00e7on de maquillage individuelle non comprise dans le forfait \u00ab\u00a0Prestige complet\u00a0\u00bb).<\/p>\n<p style=\"text-align: left;\"><img loading=\"lazy\" class=\"aligncenter size-full wp-image-366\" src=\"http:\/\/adocao.fr\/wp-content\/uploads\/2016\/07\/DSC017000.jpg\" alt=\"DSC017000\" width=\"4896\" height=\"3672\" srcset=\"https:\/\/adocao.fr\/wp-content\/uploads\/2016\/07\/DSC017000.jpg 4896w, https:\/\/adocao.fr\/wp-content\/uploads\/2016\/07\/DSC017000-300x225.jpg 300w, https:\/\/adocao.fr\/wp-content\/uploads\/2016\/07\/DSC017000-768x576.jpg 768w, https:\/\/adocao.fr\/wp-content\/uploads\/2016\/07\/DSC017000-1024x768.jpg 1024w, https:\/\/adocao.fr\/wp-content\/uploads\/2016\/07\/DSC017000-648x486.jpg 648w, https:\/\/adocao.fr\/wp-content\/uploads\/2016\/07\/DSC017000-256x192.jpg 256w\" sizes=\"(max-width: 4896px) 100vw, 4896px\" \/><\/p>\n<p style=\"text-align: left;\"><img loading=\"lazy\" class=\"aligncenter size-full wp-image-373\" src=\"http:\/\/adocao.fr\/wp-content\/uploads\/2016\/07\/Power-point-AVANT-APRES-JEANETTE-2.jpg\" alt=\"Power point AVANT APRES JEANETTE 2\" width=\"1280\" height=\"720\" srcset=\"https:\/\/adocao.fr\/wp-content\/uploads\/2016\/07\/Power-point-AVANT-APRES-JEANETTE-2.jpg 1280w, https:\/\/adocao.fr\/wp-content\/uploads\/2016\/07\/Power-point-AVANT-APRES-JEANETTE-2-300x169.jpg 300w, https:\/\/adocao.fr\/wp-content\/uploads\/2016\/07\/Power-point-AVANT-APRES-JEANETTE-2-768x432.jpg 768w, https:\/\/adocao.fr\/wp-content\/uploads\/2016\/07\/Power-point-AVANT-APRES-JEANETTE-2-1024x576.jpg 1024w, https:\/\/adocao.fr\/wp-content\/uploads\/2016\/07\/Power-point-AVANT-APRES-JEANETTE-2-648x365.jpg 648w, https:\/\/adocao.fr\/wp-content\/uploads\/2016\/07\/Power-point-AVANT-APRES-JEANETTE-2-341x192.jpg 341w\" sizes=\"(max-width: 1280px) 100vw, 1280px\" \/><\/p>\n","protected":false},"excerpt":{"rendered":"<p>Un conseil personnalis\u00e9,\u00a0s&rsquo;adapter \u00e0 une personnalit\u00e9, partir d&rsquo;une exp\u00e9rience, faire d\u00e9couvrir une mode, une tendance&#8230; Ne jamais rien imposer, toujours faire d\u00e9couvrir et faire en sorte que l&rsquo;on comprenne et\u00a0construise ensemble&#8230; ENTRETIEN et BILAN de votre image:\u00a0 GRATUIT et sans engagement,\u00a030-45 min. FORFAIT ACCOMPAGNEMENT SHOPPING: \u00e0 partir de 60\u20ac \/ heure. FORFAIT \u00ab\u00a0MODE ET STYLE\u00a0\u00bb: &hellip; <a href=\"https:\/\/adocao.fr\/?page_id=453\" class=\"more-link\">Continuer la lecture de <span class=\"screen-reader-text\">LA FEMME<\/span><\/a><\/p>\n","protected":false},"author":1,"featured_media":0,"parent":0,"menu_order":0,"comment_status":"closed","ping_status":"closed","template":"","meta":[],"_links":{"self":[{"href":"https:\/\/adocao.fr\/index.php?rest_route=\/wp\/v2\/pages\/453"}],"collection":[{"href":"https:\/\/adocao.fr\/index.php?rest_route=\/wp\/v2\/pages"}],"about":[{"href":"https:\/\/adocao.fr\/index.php?rest_route=\/wp\/v2\/types\/page"}],"author":[{"embeddable":true,"href":"https:\/\/adocao.fr\/index.php?rest_route=\/wp\/v2\/users\/1"}],"replies":[{"embeddable":true,"href":"https:\/\/adocao.fr\/index.php?rest_route=%2Fwp%2Fv2%2Fcomments&post=453"}],"version-history":[{"count":10,"href":"https:\/\/adocao.fr\/index.php?rest_route=\/wp\/v2\/pages\/453\/revisions"}],"predecessor-version":[{"id":500,"href":"https:\/\/adocao.fr\/index.php?rest_route=\/wp\/v2\/pages\/453\/revisions\/500"}],"wp:attachment":[{"href":"https:\/\/adocao.fr\/index.php?rest_route=%2Fwp%2Fv2%2Fmedia&parent=453"}],"curies":[{"name":"wp","href":"https:\/\/api.w.org\/{rel}","templated":true}]}}