{"id":451,"date":"2017-10-27T17:02:51","date_gmt":"2017-10-27T16:02:51","guid":{"rendered":"http:\/\/adocao.fr\/?page_id=451"},"modified":"2017-10-27T18:54:49","modified_gmt":"2017-10-27T17:54:49","slug":"hommes","status":"publish","type":"page","link":"https:\/\/adocao.fr\/?page_id=451","title":{"rendered":"L&rsquo;HOMME"},"content":{"rendered":"<p style=\"text-align: left;\"><strong><span style=\"color: #333399;\">Un conseil personnalis\u00e9,\u00a0<\/span><\/strong>s&rsquo;adapter \u00e0 une personnalit\u00e9, partir d&rsquo;une exp\u00e9rience, faire d\u00e9couvrir une mode, une tendance&#8230;<\/p>\n<p style=\"text-align: left;\"><strong>Ne jamais rien imposer,<\/strong>\u00a0toujours faire d\u00e9couvrir et faire en sorte que l&rsquo;on comprenne et<strong><span style=\"color: #333399;\">\u00a0construise ensemble&#8230;<\/span><\/strong><\/p>\n<p style=\"text-align: left;\"><img loading=\"lazy\" class=\"aligncenter size-full wp-image-167\" src=\"http:\/\/adocao.fr\/wp-content\/uploads\/2015\/12\/kicker_3_h.jpg\" alt=\"ALAIN FIGARET\" width=\"1189\" height=\"465\" srcset=\"https:\/\/adocao.fr\/wp-content\/uploads\/2015\/12\/kicker_3_h.jpg 1189w, https:\/\/adocao.fr\/wp-content\/uploads\/2015\/12\/kicker_3_h-300x117.jpg 300w, https:\/\/adocao.fr\/wp-content\/uploads\/2015\/12\/kicker_3_h-768x300.jpg 768w, https:\/\/adocao.fr\/wp-content\/uploads\/2015\/12\/kicker_3_h-1024x400.jpg 1024w, https:\/\/adocao.fr\/wp-content\/uploads\/2015\/12\/kicker_3_h-648x253.jpg 648w, https:\/\/adocao.fr\/wp-content\/uploads\/2015\/12\/kicker_3_h-491x192.jpg 491w\" sizes=\"(max-width: 1189px) 100vw, 1189px\" \/><\/p>\n<p class=\"alignnone\" style=\"text-align: left;\"><strong><span style=\"color: #333399;\">ENTRETIEN et BILAN de votre image:<img loading=\"lazy\" class=\"wp-image-461 alignright\" src=\"http:\/\/adocao.fr\/wp-content\/uploads\/2017\/10\/Fotolia_92538502_S.jpg\" alt=\"Portrait of an attractive young man with a beard in the studio\" width=\"170\" height=\"255\" srcset=\"https:\/\/adocao.fr\/wp-content\/uploads\/2017\/10\/Fotolia_92538502_S.jpg 566w, https:\/\/adocao.fr\/wp-content\/uploads\/2017\/10\/Fotolia_92538502_S-200x300.jpg 200w, https:\/\/adocao.fr\/wp-content\/uploads\/2017\/10\/Fotolia_92538502_S-128x192.jpg 128w\" sizes=\"(max-width: 170px) 100vw, 170px\" \/><br \/>\n<\/span>GRATUIT et sans engagement,\u00a0<\/strong><strong>30-45 min.<\/strong><\/p>\n<p style=\"text-align: left;\"><strong><span style=\"color: #333399;\">ACCOMPAGNEMENT SHOPPING:<\/span><span style=\"color: #333399;\"><br \/>\n<\/span><\/strong><strong>\u00e0 partir de 60\u20ac \/ heure.<\/strong><span style=\"color: #333333;\"><em><br \/>\n<\/em><\/span><\/p>\n<p style=\"text-align: left;\"><strong><span style=\"color: #333399;\">FORFAIT \u00ab\u00a0MODE ET STYLE\u00a0\u00bb\u00a0 :<br \/>\n<\/span><\/strong><span style=\"color: #333333;\"><strong>\u00e0 partir de 250\u20ac , Demie journ\u00e9e.<\/strong><em><br \/>\n( Colorim\u00e9trie + Morphologie + Style + Accompagnement Shopping).<\/em><\/span><\/p>\n<p><strong><span style=\"color: #333399;\">FORFAIT \u00ab\u00a0PRESTIGE\u00a0\u00bb COMPLET :<br \/>\n<\/span>\u00e0 partir de 500\u20ac, Journ\u00e9e compl\u00e8te ou 2 demies journ\u00e9es.<\/strong><br \/>\n<em>( Colorim\u00e9trie + Morphologie + Style + Accompagnement Shopping + Tri garde robe<br \/>\n+ Diagnostic Coiffure + Diagnostic Cosm\u00e9tique).<\/em><\/p>\n<p><span style=\"color: #333399;\"><strong>COSM\u00c9TIQUE VISAGE\u00a0<\/strong>:<\/span><br \/>\nConseils cosm\u00e9tiques et esth\u00e9tiques pour une peau parfaite et un visage mis en valeur (Prestation chez le barbier non comprise dans le forfait \u00ab\u00a0Prestige Complet pour LUI\u00a0\u00bb).<\/p>\n<p><img loading=\"lazy\" class=\"aligncenter size-full wp-image-413\" src=\"http:\/\/adocao.fr\/wp-content\/uploads\/2016\/10\/aa-francis-1.png\" alt=\"aa-francis-1\" width=\"787\" height=\"537\" srcset=\"https:\/\/adocao.fr\/wp-content\/uploads\/2016\/10\/aa-francis-1.png 787w, https:\/\/adocao.fr\/wp-content\/uploads\/2016\/10\/aa-francis-1-300x205.png 300w, https:\/\/adocao.fr\/wp-content\/uploads\/2016\/10\/aa-francis-1-768x524.png 768w, https:\/\/adocao.fr\/wp-content\/uploads\/2016\/10\/aa-francis-1-648x442.png 648w, https:\/\/adocao.fr\/wp-content\/uploads\/2016\/10\/aa-francis-1-281x192.png 281w\" sizes=\"(max-width: 787px) 100vw, 787px\" \/><\/p>\n<p><img loading=\"lazy\" class=\"aligncenter size-full wp-image-466\" src=\"http:\/\/adocao.fr\/wp-content\/uploads\/2017\/10\/ludo-2-3.png\" alt=\"ludo 2 (3)\" width=\"727\" height=\"430\" srcset=\"https:\/\/adocao.fr\/wp-content\/uploads\/2017\/10\/ludo-2-3.png 727w, https:\/\/adocao.fr\/wp-content\/uploads\/2017\/10\/ludo-2-3-300x177.png 300w, https:\/\/adocao.fr\/wp-content\/uploads\/2017\/10\/ludo-2-3-648x383.png 648w, https:\/\/adocao.fr\/wp-content\/uploads\/2017\/10\/ludo-2-3-325x192.png 325w\" sizes=\"(max-width: 727px) 100vw, 727px\" \/><\/p>\n","protected":false},"excerpt":{"rendered":"<p>Un conseil personnalis\u00e9,\u00a0s&rsquo;adapter \u00e0 une personnalit\u00e9, partir d&rsquo;une exp\u00e9rience, faire d\u00e9couvrir une mode, une tendance&#8230; Ne jamais rien imposer,\u00a0toujours faire d\u00e9couvrir et faire en sorte que l&rsquo;on comprenne et\u00a0construise ensemble&#8230; ENTRETIEN et BILAN de votre image: GRATUIT et sans engagement,\u00a030-45 min. ACCOMPAGNEMENT SHOPPING: \u00e0 partir de 60\u20ac \/ heure. FORFAIT \u00ab\u00a0MODE ET STYLE\u00a0\u00bb\u00a0 : \u00e0 &hellip; <a href=\"https:\/\/adocao.fr\/?page_id=451\" class=\"more-link\">Continuer la lecture de <span class=\"screen-reader-text\">L&rsquo;HOMME<\/span><\/a><\/p>\n","protected":false},"author":1,"featured_media":0,"parent":0,"menu_order":0,"comment_status":"closed","ping_status":"closed","template":"","meta":[],"_links":{"self":[{"href":"https:\/\/adocao.fr\/index.php?rest_route=\/wp\/v2\/pages\/451"}],"collection":[{"href":"https:\/\/adocao.fr\/index.php?rest_route=\/wp\/v2\/pages"}],"about":[{"href":"https:\/\/adocao.fr\/index.php?rest_route=\/wp\/v2\/types\/page"}],"author":[{"embeddable":true,"href":"https:\/\/adocao.fr\/index.php?rest_route=\/wp\/v2\/users\/1"}],"replies":[{"embeddable":true,"href":"https:\/\/adocao.fr\/index.php?rest_route=%2Fwp%2Fv2%2Fcomments&post=451"}],"version-history":[{"count":17,"href":"https:\/\/adocao.fr\/index.php?rest_route=\/wp\/v2\/pages\/451\/revisions"}],"predecessor-version":[{"id":499,"href":"https:\/\/adocao.fr\/index.php?rest_route=\/wp\/v2\/pages\/451\/revisions\/499"}],"wp:attachment":[{"href":"https:\/\/adocao.fr\/index.php?rest_route=%2Fwp%2Fv2%2Fmedia&parent=451"}],"curies":[{"name":"wp","href":"https:\/\/api.w.org\/{rel}","templated":true}]}}