{"id":11,"date":"2015-10-28T22:39:26","date_gmt":"2015-10-28T21:39:26","guid":{"rendered":"https:\/\/adocaoblog.wordpress.com\/?page_id=11"},"modified":"2016-09-05T15:31:19","modified_gmt":"2016-09-05T14:31:19","slug":"audit","status":"publish","type":"page","link":"https:\/\/adocao.fr\/?page_id=11","title":{"rendered":"Audit"},"content":{"rendered":"<h3 style=\"text-align: justify;\">\u00a0<strong>U<\/strong>n audit en image permet \u00e0 votre entreprise de mieux cerner et appr\u00e9hender son <span style=\"color: #333399;\"><em><strong>identit\u00e9 visuelle<\/strong> <\/em><\/span>\u00e0 travers son march\u00e9, son\u00a0environnement, ses outils, ses supports, \u00a0ses m\u00e9tiers, mais aussi ses ressources humaines.<\/h3>\n<div style=\"text-align: justify;\"><\/div>\n<div>\n<p style=\"text-align: justify;\">L\u2019audit d&rsquo;image de votre entreprise <span style=\"color: #333399;\"><em><strong>optimise votre potentiel<\/strong><\/em><\/span> par l\u2019interm\u00e9diaire d\u2019une image valoris\u00e9e et contr\u00f4l\u00e9e afin d\u2019en faire <span style=\"color: #333399;\"><strong><em>un avantage concurrentiel majeur<\/em><\/strong>.<\/span><\/p>\n<p style=\"text-align: justify;\"><strong><span style=\"color: #000000;\">L\u2019audit en image donne toutes les chances \u00e0 \u00a0votre entreprise de montrer ses valeurs, son identit\u00e9 propre, son cadre de r\u00e9f\u00e9rence, son positionnement, ses codes,\u2026<\/span><\/strong><a href=\"http:\/\/adocao.fr\/wp-content\/uploads\/2015\/10\/fotolia_73743476_xs.jpg\"><img loading=\"lazy\" class=\"wp-image-53 size-full alignright\" src=\"http:\/\/adocao.fr\/wp-content\/uploads\/2015\/10\/fotolia_73743476_xs.jpg\" alt=\"audit\" width=\"503\" height=\"239\" \/><\/a><\/p>\n<p style=\"text-align: justify;\">Votre entreprise est\u00a0jug\u00e9e par les hommes et les femmes qui la repr\u00e9sentent aupr\u00e8s de ses clients, de ses fournisseurs ou de ses partenaires.<\/p>\n<p style=\"text-align: justify;\"><strong><em>Il doit y avoir une ad\u00e9quation et une \u00a0coh\u00e9rence parfaites entre l\u2019image de votre entreprise et celle des hommes et des femmes qui contribuent \u00e0 son succ\u00e8s au sein de vos \u00e9quipes.<\/em><\/strong><\/p>\n<\/div>\n<div><\/div>\n<div><\/div>\n<div style=\"text-align: justify;\"><span style=\"color: #333399;\"><strong>Pour vous, commer\u00e7ants, artisans, commerciaux, professions lib\u00e9rales et dirigeants de PME et beaucoup d&rsquo;autres m\u00e9tiers concern\u00e9s,\u00a0l&rsquo;Audit d&rsquo;Image en Entreprise a pour buts de:<\/strong><\/span><\/div>\n<div style=\"text-align: left;\">&#8211; d\u00e9velopper votre chiffre d&rsquo;affaires,<br \/>\n&#8211; fid\u00e9liser votre client\u00e8le,<br \/>\n&#8211; optimiser votre strat\u00e9gie de communication,<br \/>\n&#8211; toucher de nouvelles cibles,<br \/>\n&#8211; d\u00e9finir et dynamiser votre image de marque,<br \/>\n&#8211; d\u00e9velopper vos comp\u00e9tences et celles de vos collaborateurs.<\/div>\n<p style=\"text-align: left;\">\n","protected":false},"excerpt":{"rendered":"<p>\u00a0Un audit en image permet \u00e0 votre entreprise de mieux cerner et appr\u00e9hender son identit\u00e9 visuelle \u00e0 travers son march\u00e9, son\u00a0environnement, ses outils, ses supports, \u00a0ses m\u00e9tiers, mais aussi ses ressources humaines. L\u2019audit d&rsquo;image de votre entreprise optimise votre potentiel par l\u2019interm\u00e9diaire d\u2019une image valoris\u00e9e et contr\u00f4l\u00e9e afin d\u2019en faire un avantage concurrentiel majeur. L\u2019audit &hellip; <a href=\"https:\/\/adocao.fr\/?page_id=11\" class=\"more-link\">Continuer la lecture de <span class=\"screen-reader-text\">Audit<\/span><\/a><\/p>\n","protected":false},"author":1,"featured_media":0,"parent":0,"menu_order":0,"comment_status":"closed","ping_status":"closed","template":"page-templates\/full-width-page.php","meta":[],"_links":{"self":[{"href":"https:\/\/adocao.fr\/index.php?rest_route=\/wp\/v2\/pages\/11"}],"collection":[{"href":"https:\/\/adocao.fr\/index.php?rest_route=\/wp\/v2\/pages"}],"about":[{"href":"https:\/\/adocao.fr\/index.php?rest_route=\/wp\/v2\/types\/page"}],"author":[{"embeddable":true,"href":"https:\/\/adocao.fr\/index.php?rest_route=\/wp\/v2\/users\/1"}],"replies":[{"embeddable":true,"href":"https:\/\/adocao.fr\/index.php?rest_route=%2Fwp%2Fv2%2Fcomments&post=11"}],"version-history":[{"count":20,"href":"https:\/\/adocao.fr\/index.php?rest_route=\/wp\/v2\/pages\/11\/revisions"}],"predecessor-version":[{"id":402,"href":"https:\/\/adocao.fr\/index.php?rest_route=\/wp\/v2\/pages\/11\/revisions\/402"}],"wp:attachment":[{"href":"https:\/\/adocao.fr\/index.php?rest_route=%2Fwp%2Fv2%2Fmedia&parent=11"}],"curies":[{"name":"wp","href":"https:\/\/api.w.org\/{rel}","templated":true}]}}